{"id":31,"date":"2025-06-16T18:04:52","date_gmt":"2025-06-16T18:04:52","guid":{"rendered":"https:\/\/design2carrie.de\/faq\/"},"modified":"2025-10-23T21:00:10","modified_gmt":"2025-10-23T19:00:10","slug":"faq","status":"publish","type":"page","link":"https:\/\/design2carrie.de\/en\/faq\/","title":{"rendered":"FAQ &#8211; H\u00e4ufig gestellte Fragen"},"content":{"rendered":"<div class=\"wp-block-cover alignfull has-background-color has-text-color has-link-color has-x-large-font-size wp-elements-bd838d08445d94266288dc6365c10dc4 has-aspect-ratio\" style=\"margin-top:0;margin-bottom:0;padding-top:var(--wp--preset--spacing--30);padding-bottom:var(--wp--preset--spacing--30);aspect-ratio:auto;min-height:unset;\"><img loading=\"lazy\" decoding=\"async\" width=\"1926\" height=\"777\" class=\"wp-block-cover__image-background wp-image-91 size-full\" alt=\"\" src=\"https:\/\/design2carrie.de\/wp-content\/uploads\/2025\/07\/20250621_192559_crop-scaled-e1752393954794.jpg\" style=\"object-position:43% 47%\" data-object-fit=\"cover\" data-object-position=\"43% 47%\" srcset=\"https:\/\/design2carrie.de\/wp-content\/uploads\/2025\/07\/20250621_192559_crop-scaled-e1752393954794.jpg 1926w, https:\/\/design2carrie.de\/wp-content\/uploads\/2025\/07\/20250621_192559_crop-scaled-e1752393954794-600x242.jpg 600w, https:\/\/design2carrie.de\/wp-content\/uploads\/2025\/07\/20250621_192559_crop-scaled-e1752393954794-300x121.jpg 300w, https:\/\/design2carrie.de\/wp-content\/uploads\/2025\/07\/20250621_192559_crop-scaled-e1752393954794-1024x413.jpg 1024w, https:\/\/design2carrie.de\/wp-content\/uploads\/2025\/07\/20250621_192559_crop-scaled-e1752393954794-768x310.jpg 768w, https:\/\/design2carrie.de\/wp-content\/uploads\/2025\/07\/20250621_192559_crop-scaled-e1752393954794-1536x620.jpg 1536w\" sizes=\"auto, (max-width: 1926px) 100vw, 1926px\" \/><span aria-hidden=\"true\" class=\"wp-block-cover__background has-secondary-background-color has-background-dim-20 has-background-dim\"><\/span><div class=\"wp-block-cover__inner-container has-global-padding is-layout-constrained wp-block-cover-is-layout-constrained\">\n<div class=\"wp-block-group alignwide has-background-color has-text-color has-link-color has-x-large-font-size wp-elements-31d40c219fd6f91e74884cb58b970664 is-nowrap is-layout-flex wp-container-core-group-is-layout-6c531013 wp-block-group-is-layout-flex\">\n<p class=\"has-text-align-center has-background-color has-text-color has-link-color wp-elements-53cc3d0f5b3020057342a463c5ba3702\" style=\"font-size:clamp(1.79rem, 1.79rem + ((1vw - 0.2rem) * 2.183), 3.1rem);\">FAQ<\/p>\n<\/div>\n<\/div><\/div>\n\n\n\n<div class=\"wp-block-group alignfull has-tertiary-background-color has-background has-global-padding is-layout-constrained wp-container-core-group-is-layout-7276a2bb wp-block-group-is-layout-constrained\" id=\"h\u00e4ufig-gestellte-fragen\" style=\"margin-top:0;margin-bottom:0;padding-top:var(--wp--preset--spacing--60);padding-right:var(--wp--preset--spacing--30);padding-bottom:var(--wp--preset--spacing--60);padding-left:var(--wp--preset--spacing--30)\">\n<div class=\"wp-block-group alignwide has-global-padding is-content-justification-center is-layout-constrained wp-block-group-is-layout-constrained\" style=\"margin-bottom:var(--wp--preset--spacing--30)\">\n<h2 class=\"wp-block-heading has-text-align-center has-inconsolata-font-family has-x-large-font-size\">Frequently Asked Questions<\/h2>\n\n\n\n<p class=\"has-text-align-center has-text-color has-link-color has-manrope-font-family wp-elements-f2dc1d7e4fa7a447f91792da341cf945\" style=\"color:#000000;margin-top:16px\">Here you will find answers to frequently asked questions about <em><sup>2<\/sup>Carrie<\/em><\/p>\n<\/div>\n\n\n\n<div class=\"wp-block-columns alignwide is-layout-flex wp-container-core-columns-is-layout-1da03c2a wp-block-columns-is-layout-flex\">\n<div class=\"wp-block-column is-layout-flow wp-block-column-is-layout-flow\">\n<div class=\"wp-block-group has-global-padding is-layout-constrained wp-block-group-is-layout-constrained\" style=\"border-bottom-color:var(--wp--preset--color--tertiary);border-bottom-width:1px;margin-top:0;padding-top:var(--wp--preset--spacing--30);padding-bottom:var(--wp--preset--spacing--30)\">\n<h4 class=\"wp-block-heading has-medium-font-size\">Are your products 100% handmade?<\/h4>\n\n\n\n<p class=\"has-text-color has-link-color has-manrope-font-family has-small-font-size wp-elements-a26027970b347990f0407b394dbbe6a8\" style=\"color:#000000;margin-top:12px\">Yes, every single stitch was crocheted by myself, every thread was sewn by hand (or by my sewing machine\u2014you always need little helpers), every label was stamped by hand\u2014everything is 100% handmade.<\/p>\n<\/div>\n\n\n\n<div class=\"wp-block-group has-global-padding is-layout-constrained wp-block-group-is-layout-constrained\" style=\"border-bottom-color:var(--wp--preset--color--tertiary);border-bottom-width:1px;margin-top:0;padding-top:var(--wp--preset--spacing--30);padding-bottom:var(--wp--preset--spacing--30)\">\n<h4 class=\"wp-block-heading has-medium-font-size\">Where do you get your materials from?<\/h4>\n\n\n\n<p class=\"has-text-color has-link-color has-small-font-size wp-elements-b5533edab2ae7fe642695b27f2b0e562\" style=\"color:#000000;margin-top:12px\">I source the wool, as well as the hardware and all the accessories, from local craft stores (support your locals). The fabrics are also purchased locally or at larger fabric markets. Only the paper yarn is ordered from a wholesaler, as unfortunately, there are no stores in the area that sell this kind of yarn.<\/p>\n<\/div>\n\n\n\n<div class=\"wp-block-group has-global-padding is-layout-constrained wp-block-group-is-layout-constrained\" style=\"border-bottom-color:var(--wp--preset--color--tertiary);border-bottom-width:1px;margin-top:0;padding-top:var(--wp--preset--spacing--30);padding-bottom:var(--wp--preset--spacing--30)\">\n<h4 class=\"wp-block-heading has-medium-font-size\">Are the fabrics used Oeko-Tex certified?<\/h4>\n\n\n\n<p class=\"has-text-color has-link-color has-small-font-size wp-elements-058a999a8554a22673c3e01ddb53ec17\" style=\"color:#000000;margin-top:12px\">Yes, all the fabrics I use are Oeko-Tex certified.<\/p>\n<\/div>\n\n\n\n<div class=\"wp-block-group has-global-padding is-layout-constrained wp-block-group-is-layout-constrained\" style=\"margin-top:0;padding-top:var(--wp--preset--spacing--30);padding-bottom:0\">\n<h4 class=\"wp-block-heading has-medium-font-size\">How long does it take you on average to make a bag?<\/h4>\n\n\n\n<p class=\"has-text-color has-link-color has-small-font-size wp-elements-f747a89fc0569495516580cb4fbe69f1\" style=\"color:#000000;margin-top:12px\">It all depends on the size and the model\/pattern. The fanny packs take about a complete \"normal\" workday. For larger sized shopper, I often need up to 40 hours, since the paper yarn isn't as easy to work with as wool.<\/p>\n<\/div>\n\n\n\n<div class=\"wp-block-group has-global-padding is-layout-constrained wp-block-group-is-layout-constrained\" style=\"margin-top:0;padding-top:var(--wp--preset--spacing--30);padding-bottom:0\">\n<h4 class=\"wp-block-heading has-medium-font-size\">Why are your products so expensive?<\/h4>\n\n\n\n<p class=\"has-text-color has-link-color has-small-font-size wp-elements-57767c62bc2a346c24cb7c03ccccf277\" style=\"color:#000000;margin-top:12px\">Price perception is relative \u2013 for some, it's too expensive, for others, not expensive enough. Handmade items have their price. Crocheted items, in particular, differ from knitted items in that crocheted items are 100% handmade. Even today, no machine can process this type of wool or yarn, which can be the case with knitted items. Not to mention the time that goes into a project. Furthermore, the materials used are high-quality and fairly traded, so the purchase value is also higher.<\/p>\n<\/div>\n\n\n\n<div class=\"wp-block-group has-global-padding is-layout-constrained wp-block-group-is-layout-constrained\" style=\"margin-top:0;padding-top:var(--wp--preset--spacing--30);padding-bottom:0\">\n<h4 class=\"wp-block-heading has-medium-font-size\">What inspires you for the different bags (shape, color)?<\/h4>\n\n\n\n<p class=\"has-text-color has-link-color has-small-font-size wp-elements-9e3d69ee3ba023e78c0895dcf2c569bd\" style=\"color:#000000;margin-top:12px\">For colors and shapes, it's actually and mostly mother nature. When I go for a run past a colorful meadow of flowers, the ideas just popping up! When it comes to sizes, I primarily base my choice on what I would like and need myself. The right size and bag for different situations.<\/p>\n<\/div>\n\n\n\n<div class=\"wp-block-group has-global-padding is-layout-constrained wp-block-group-is-layout-constrained\" style=\"margin-top:0;padding-top:var(--wp--preset--spacing--30);padding-bottom:0\">\n<h4 class=\"wp-block-heading has-medium-font-size\">What was the background to your start with paper yarn?<\/h4>\n\n\n\n<p class=\"has-text-color has-link-color has-small-font-size wp-elements-a7567e13a491d43b20e9d541c03a548a\" style=\"color:#000000;margin-top:12px\">Wool is beautiful, wool has its advantages, but paper yarn gives that certain something (the pain is worth it).<\/p>\n<\/div>\n\n\n\n<div class=\"wp-block-group has-global-padding is-layout-constrained wp-block-group-is-layout-constrained\" style=\"margin-top:0;padding-top:var(--wp--preset--spacing--30);padding-bottom:0\">\n<h4 class=\"wp-block-heading has-medium-font-size\">How did you come up with the idea of making these products yourself?<\/h4>\n\n\n\n<p class=\"has-text-color has-link-color has-small-font-size wp-elements-ac3c0419946e2c98d82e73ebec60b33d\" style=\"color:#000000;margin-top:12px\">When you're strolling around town looking for something specific, you probably never find it. So why not make it yourself?<\/p>\n<\/div>\n\n\n\n<div class=\"wp-block-group has-global-padding is-layout-constrained wp-block-group-is-layout-constrained\" style=\"margin-top:0;padding-top:var(--wp--preset--spacing--30);padding-bottom:0\">\n<h4 class=\"wp-block-heading has-medium-font-size\">How did you come up with the idea of founding the business?<\/h4>\n\n\n\n<p class=\"has-text-color has-link-color has-small-font-size wp-elements-06a8d27cb83d0c3804926e898f174f0e\" style=\"color:#000000;margin-top:12px\">Why not turn your hobby into a career? I love crocheting. This business gives me the opportunity to share my creations with others.<\/p>\n<\/div>\n<\/div>\n<\/div>\n<\/div>","protected":false},"excerpt":{"rendered":"<p>H\u00e4ufig gestellte Fragen Hier findest du Antworten auf h\u00e4ufige Fragen rund um 2Carrie Sind deine Produkte 100% handgefertigt? Ja, jede einzelne Masche wurde selbst geh\u00e4kelt, jeder Faden wurde von Hand (oder von meiner N\u00e4hmaschine \u2013 kleine Helferlein braucht man immer) vern\u00e4ht, jedes Label wurde von Hand gestempelt \u2013 alles zu 100% handgemacht. Woher bekommst du [&hellip;]<\/p>\n","protected":false},"author":1,"featured_media":0,"parent":0,"menu_order":0,"comment_status":"closed","ping_status":"closed","template":"no-title","meta":{"om_disable_all_campaigns":false,"_monsterinsights_skip_tracking":false,"_monsterinsights_sitenote_active":false,"_monsterinsights_sitenote_note":"","_monsterinsights_sitenote_category":0,"footnotes":""},"class_list":["post-31","page","type-page","status-publish","hentry"],"aioseo_notices":[],"jetpack_sharing_enabled":true,"_links":{"self":[{"href":"https:\/\/design2carrie.de\/en\/wp-json\/wp\/v2\/pages\/31","targetHints":{"allow":["GET"]}}],"collection":[{"href":"https:\/\/design2carrie.de\/en\/wp-json\/wp\/v2\/pages"}],"about":[{"href":"https:\/\/design2carrie.de\/en\/wp-json\/wp\/v2\/types\/page"}],"author":[{"embeddable":true,"href":"https:\/\/design2carrie.de\/en\/wp-json\/wp\/v2\/users\/1"}],"replies":[{"embeddable":true,"href":"https:\/\/design2carrie.de\/en\/wp-json\/wp\/v2\/comments?post=31"}],"version-history":[{"count":17,"href":"https:\/\/design2carrie.de\/en\/wp-json\/wp\/v2\/pages\/31\/revisions"}],"predecessor-version":[{"id":870,"href":"https:\/\/design2carrie.de\/en\/wp-json\/wp\/v2\/pages\/31\/revisions\/870"}],"wp:attachment":[{"href":"https:\/\/design2carrie.de\/en\/wp-json\/wp\/v2\/media?parent=31"}],"curies":[{"name":"wp","href":"https:\/\/api.w.org\/{rel}","templated":true}]}}