{"id":493,"date":"2025-07-20T14:29:14","date_gmt":"2025-07-20T14:29:14","guid":{"rendered":"https:\/\/design2carrie.de\/payment_methods\/"},"modified":"2025-08-03T10:53:42","modified_gmt":"2025-08-03T08:53:42","slug":"payment_methods","status":"publish","type":"page","link":"https:\/\/design2carrie.de\/en\/payment_methods\/","title":{"rendered":"Payment Methods"},"content":{"rendered":"<h2><strong>Payment Methods<\/strong><\/h2>\n<p>We offer the following payment methods. Shipping costs depend on the recipient country. The prices listed in the respective offers are final prices. They include all price components, including any applicable taxes. Only in the case of cross-border deliveries may you be required to pay additional taxes (e.g., in the case of intra-Community acquisitions) and\/or duties (e.g., customs duties) in individual cases. However, not sent to the seller, but to the relevant customs or tax authorities. The delivery and shipping costs incurred are not included in the purchase price. They can be viewed on the \u201cShipping Costs\u201d page, are shown separately during the ordering process, and are to be paid by you in addition to the purchase price.<\/p>\n<p><em>Prepayment<\/em><\/p>\n<p>Please transfer the total amount of your order to the bank account specified on the invoice.<\/p>","protected":false},"excerpt":{"rendered":"<p>Zahlungsarten Wir bieten Ihnen folgende Zahlungsarten an. Die Versandkosten sind abh\u00e4ngig vom Empf\u00e4ngerland. Die in den jeweiligen Angeboten angef\u00fchrten Preise stellen Endpreise dar. Sie beinhalten alle Preisbestandteile einschlie\u00dflich etwaig anfallender Steuern. Nur bei grenz\u00fcberschreitender Lieferung k\u00f6nnen im Einzelfall weitere Steuern (z.B. im Falle eines innergemeinschaftlichen Erwerbs) und\/oder Abgaben (z.B. Z\u00f6lle) von Ihnen zu zahlen sein, [&hellip;]<\/p>\n","protected":false},"author":1,"featured_media":0,"parent":0,"menu_order":0,"comment_status":"closed","ping_status":"closed","template":"","meta":{"om_disable_all_campaigns":false,"_monsterinsights_skip_tracking":false,"_monsterinsights_sitenote_active":false,"_monsterinsights_sitenote_note":"","_monsterinsights_sitenote_category":0,"footnotes":""},"class_list":["post-493","page","type-page","status-publish","hentry"],"aioseo_notices":[],"jetpack_sharing_enabled":true,"_links":{"self":[{"href":"https:\/\/design2carrie.de\/en\/wp-json\/wp\/v2\/pages\/493","targetHints":{"allow":["GET"]}}],"collection":[{"href":"https:\/\/design2carrie.de\/en\/wp-json\/wp\/v2\/pages"}],"about":[{"href":"https:\/\/design2carrie.de\/en\/wp-json\/wp\/v2\/types\/page"}],"author":[{"embeddable":true,"href":"https:\/\/design2carrie.de\/en\/wp-json\/wp\/v2\/users\/1"}],"replies":[{"embeddable":true,"href":"https:\/\/design2carrie.de\/en\/wp-json\/wp\/v2\/comments?post=493"}],"version-history":[{"count":3,"href":"https:\/\/design2carrie.de\/en\/wp-json\/wp\/v2\/pages\/493\/revisions"}],"predecessor-version":[{"id":678,"href":"https:\/\/design2carrie.de\/en\/wp-json\/wp\/v2\/pages\/493\/revisions\/678"}],"wp:attachment":[{"href":"https:\/\/design2carrie.de\/en\/wp-json\/wp\/v2\/media?parent=493"}],"curies":[{"name":"wp","href":"https:\/\/api.w.org\/{rel}","templated":true}]}}